{"id":90,"date":"2021-12-06T23:18:28","date_gmt":"2021-12-07T02:18:28","guid":{"rendered":"https:\/\/baixacultura.org\/pequenocompendio\/?page_id=90"},"modified":"2021-12-10T15:31:05","modified_gmt":"2021-12-10T18:31:05","slug":"para-alem-das-big-techs","status":"publish","type":"page","link":"https:\/\/baixacultura.org\/pequenocompendio\/para-alem-das-big-techs\/","title":{"rendered":"Para al\u00e9m das Big Techs"},"content":{"rendered":"<p><i><span style=\"font-weight: 400;\">Em um cen\u00e1rio de cada vez maior depend\u00eancia dos servi\u00e7os das chamadas Big Techs, quais s\u00e3o as tecnologias, comunidades e ideias que funcionam na internet para al\u00e9m dessas grandes empresas? Como elas est\u00e3o construindo uma rela\u00e7\u00e3o mais comunit\u00e1ria, diversa, de acesso livre, prote\u00e7\u00e3o \u00e0 privacidade e fomento \u00e0 autonomia com as tecnologias?\u00a0<\/span><\/i><\/p>\n<p><span style=\"font-weight: 400;\">H\u00e1 quem, em vez de propor fugas das tecnologias corporativas, de maneira individual ou setorial, busque estrat\u00e9gias que sejam coletivas. E \u00e9 aqui onde \u201ccomunidade\u201d e \u201ccolaborativo\u201d recuperam uma mirada pol\u00edtica onde o saber \u00e9 compartilhado, o conhecimento se constr\u00f3i em uma rede de pares, as experi\u00eancias se valorizam em sua diversidade, e a autonomia e a autogest\u00e3o impulsionam pr\u00e1ticas coletivas. \u00c9 assim que emergem propostas de organiza\u00e7\u00f5es e comunidades que compartilham tecnologias, conhecimentos e conte\u00fados livres.<\/span><\/p>\n<p><span style=\"font-weight: 400;\">A proposta deste projeto, feito em parceria com o Goethe-Institute de Porto Alegre, \u00e9 trazer estes projetos, ferramentas, softwares, sites, ideias e iniciativas que est\u00e3o re-imaginando novos horizontes tecnol\u00f3gicos para al\u00e9m das big techs. Ao contr\u00e1rio do que o senso comum imagina, muitas iniciativas hoje, e j\u00e1 h\u00e1 algumas d\u00e9cadas, est\u00e3o buscando construir tecnologias e a internet de formas mais colaborativas, justas e seguras para suas comunidades. Estas iniciativas foram divididas em cinco eixos: <\/span><b>Comunidade; Privacidade; Diversidade; Acesso Livre; e Autonomia\/Soberania Tecnol\u00f3gica<\/b><span style=\"font-weight: 400;\">.\u00a0<\/span><\/p>\n","protected":false},"excerpt":{"rendered":"<p>Em um cen\u00e1rio de cada vez maior depend\u00eancia dos servi\u00e7os das chamadas Big Techs, quais s\u00e3o as tecnologias, comunidades e ideias que funcionam na internet para al\u00e9m dessas grandes empresas? Como elas est\u00e3o construindo uma rela\u00e7\u00e3o mais comunit\u00e1ria, diversa, de acesso livre, prote\u00e7\u00e3o \u00e0 privacidade e fomento \u00e0 autonomia com as tecnologias?\u00a0 H\u00e1 quem, em [&hellip;]<\/p>\n","protected":false},"author":2,"featured_media":0,"parent":0,"menu_order":0,"comment_status":"closed","ping_status":"closed","template":"","meta":[],"folder":[],"_links":{"self":[{"href":"https:\/\/baixacultura.org\/pequenocompendio\/wp-json\/wp\/v2\/pages\/90"}],"collection":[{"href":"https:\/\/baixacultura.org\/pequenocompendio\/wp-json\/wp\/v2\/pages"}],"about":[{"href":"https:\/\/baixacultura.org\/pequenocompendio\/wp-json\/wp\/v2\/types\/page"}],"author":[{"embeddable":true,"href":"https:\/\/baixacultura.org\/pequenocompendio\/wp-json\/wp\/v2\/users\/2"}],"replies":[{"embeddable":true,"href":"https:\/\/baixacultura.org\/pequenocompendio\/wp-json\/wp\/v2\/comments?post=90"}],"version-history":[{"count":2,"href":"https:\/\/baixacultura.org\/pequenocompendio\/wp-json\/wp\/v2\/pages\/90\/revisions"}],"predecessor-version":[{"id":159,"href":"https:\/\/baixacultura.org\/pequenocompendio\/wp-json\/wp\/v2\/pages\/90\/revisions\/159"}],"wp:attachment":[{"href":"https:\/\/baixacultura.org\/pequenocompendio\/wp-json\/wp\/v2\/media?parent=90"}],"wp:term":[{"taxonomy":"folder","embeddable":true,"href":"https:\/\/baixacultura.org\/pequenocompendio\/wp-json\/wp\/v2\/folder?post=90"}],"curies":[{"name":"wp","href":"https:\/\/api.w.org\/{rel}","templated":true}]}}